{"id":115,"date":"2022-09-19T20:07:50","date_gmt":"2022-09-19T20:07:50","guid":{"rendered":"http:\/\/www.jarmacomputers.com\/?page_id=115"},"modified":"2022-09-29T16:18:30","modified_gmt":"2022-09-29T16:18:30","slug":"productos","status":"publish","type":"page","link":"http:\/\/www.jarmacomputers.com\/en\/productos\/","title":{"rendered":"Incidencias Inform\u00e1ticas"},"content":{"rendered":"<ul class=\"wp-block-list\">\n<li>Problemas de configuraci\u00f3n y conexi\u00f3n de las impresoras<\/li>\n\n\n\n<li>Lentitud excesiva al arrancar e iniciar dispositivos (Windows demora demasiado en levantar los servicios)<\/li>\n\n\n\n<li>Ralentizaciones y rendimiento bajo de los dispositivos (Posible da\u00f1os de hardware) <\/li>\n\n\n\n<li>Malware, Virus<\/li>\n\n\n\n<li>Programas mal configurados<\/li>\n\n\n\n<li>Ruidos extra\u00f1os <\/li>\n\n\n\n<li>No&nbsp;<strong>se<\/strong>&nbsp;puede actualizar el sistema operativo <\/li>\n\n\n\n<li>Internet va muy lento <\/li>\n\n\n\n<li>La PC o Laptop&nbsp;<strong>se<\/strong>&nbsp;reinicia autom\u00e1ticamente o no encienden <\/li>\n<\/ul>\n\n\n\n<h2 class=\"wp-block-heading\">Soluciones Inform\u00e1ticas<\/h2>\n\n\n\n<div class=\"wp-block-columns is-layout-flex wp-container-core-columns-is-layout-8f761849 wp-block-columns-is-layout-flex\">\n<div class=\"wp-block-column is-layout-flow wp-block-column-is-layout-flow\" style=\"flex-basis:100%\">\n<div class=\"wp-block-group\"><div class=\"wp-block-group__inner-container is-layout-flow wp-block-group-is-layout-flow\">\n<div class=\"wp-block-columns are-vertically-aligned-center is-layout-flex wp-container-core-columns-is-layout-8f761849 wp-block-columns-is-layout-flex\">\n<div class=\"wp-block-column is-vertically-aligned-center is-layout-flow wp-block-column-is-layout-flow\" style=\"flex-basis:40%\">\n<figure class=\"wp-block-gallery has-nested-images columns-default is-cropped wp-block-gallery-1 is-layout-flex wp-block-gallery-is-layout-flex\">\n<figure class=\"wp-block-image size-large\"><a href=\"http:\/\/www.jarmacomputers.com\/wp-content\/uploads\/2022\/09\/INSTALANDO-WINDOWS-1.jpg\"><img loading=\"lazy\" decoding=\"async\" width=\"673\" height=\"898\" data-id=\"136\" src=\"http:\/\/www.jarmacomputers.com\/wp-content\/uploads\/2022\/09\/INSTALANDO-WINDOWS-1.jpg\" alt=\"\" class=\"wp-image-136\" srcset=\"http:\/\/www.jarmacomputers.com\/wp-content\/uploads\/2022\/09\/INSTALANDO-WINDOWS-1.jpg 673w, http:\/\/www.jarmacomputers.com\/wp-content\/uploads\/2022\/09\/INSTALANDO-WINDOWS-1-225x300.jpg 225w\" sizes=\"auto, (max-width: 673px) 100vw, 673px\" \/><\/a><figcaption class=\"wp-element-caption\"><strong>Instalaci\u00f3n de Windows<\/strong><\/figcaption><\/figure>\n\n\n\n<figure class=\"wp-block-image size-full\"><a href=\"http:\/\/www.jarmacomputers.com\/wp-content\/uploads\/2022\/09\/DISK-CAUTION-1.jpg\"><img loading=\"lazy\" decoding=\"async\" width=\"671\" height=\"902\" data-id=\"146\" src=\"http:\/\/www.jarmacomputers.com\/wp-content\/uploads\/2022\/09\/DISK-CAUTION-1.jpg\" alt=\"\" class=\"wp-image-146\" srcset=\"http:\/\/www.jarmacomputers.com\/wp-content\/uploads\/2022\/09\/DISK-CAUTION-1.jpg 671w, http:\/\/www.jarmacomputers.com\/wp-content\/uploads\/2022\/09\/DISK-CAUTION-1-223x300.jpg 223w\" sizes=\"auto, (max-width: 671px) 100vw, 671px\" \/><\/a><figcaption class=\"wp-element-caption\">Diagnostico de los discos duros<\/figcaption><\/figure>\n<\/figure>\n<\/div>\n<\/div>\n\n\n\n<div class=\"wp-block-columns are-vertically-aligned-center is-layout-flex wp-container-core-columns-is-layout-8f761849 wp-block-columns-is-layout-flex\">\n<div class=\"wp-block-column is-vertically-aligned-center is-layout-flow wp-block-column-is-layout-flow\" style=\"flex-basis:40%\">\n<figure class=\"wp-block-gallery has-nested-images columns-default is-cropped wp-block-gallery-2 is-layout-flex wp-block-gallery-is-layout-flex\">\n<figure class=\"wp-block-image size-full\"><a href=\"http:\/\/www.jarmacomputers.com\/wp-content\/uploads\/2022\/09\/COOLER2.jpg\"><img loading=\"lazy\" decoding=\"async\" width=\"710\" height=\"900\" data-id=\"147\" src=\"http:\/\/www.jarmacomputers.com\/wp-content\/uploads\/2022\/09\/COOLER2.jpg\" alt=\"\" class=\"wp-image-147\" srcset=\"http:\/\/www.jarmacomputers.com\/wp-content\/uploads\/2022\/09\/COOLER2.jpg 710w, http:\/\/www.jarmacomputers.com\/wp-content\/uploads\/2022\/09\/COOLER2-237x300.jpg 237w\" sizes=\"auto, (max-width: 710px) 100vw, 710px\" \/><\/a><figcaption class=\"wp-element-caption\">Limpieza del Cooler<\/figcaption><\/figure>\n\n\n\n<figure class=\"wp-block-image size-full\"><a href=\"http:\/\/www.jarmacomputers.com\/wp-content\/uploads\/2022\/09\/CAMBIOS-EN-LA-BIOS.jpg\"><img loading=\"lazy\" decoding=\"async\" width=\"678\" height=\"903\" data-id=\"150\" src=\"http:\/\/www.jarmacomputers.com\/wp-content\/uploads\/2022\/09\/CAMBIOS-EN-LA-BIOS.jpg\" alt=\"\" class=\"wp-image-150\" srcset=\"http:\/\/www.jarmacomputers.com\/wp-content\/uploads\/2022\/09\/CAMBIOS-EN-LA-BIOS.jpg 678w, http:\/\/www.jarmacomputers.com\/wp-content\/uploads\/2022\/09\/CAMBIOS-EN-LA-BIOS-225x300.jpg 225w\" sizes=\"auto, (max-width: 678px) 100vw, 678px\" \/><\/a><figcaption class=\"wp-element-caption\">Configuraciones en la BIOS<\/figcaption><\/figure>\n<\/figure>\n<\/div>\n<\/div>\n\n\n\n<div class=\"wp-block-columns are-vertically-aligned-center is-layout-flex wp-container-core-columns-is-layout-8f761849 wp-block-columns-is-layout-flex\">\n<div class=\"wp-block-column is-vertically-aligned-center is-layout-flow wp-block-column-is-layout-flow\" style=\"flex-basis:40%\">\n<figure class=\"wp-block-gallery has-nested-images columns-default is-cropped wp-block-gallery-3 is-layout-flex wp-block-gallery-is-layout-flex\">\n<figure class=\"wp-block-image size-full\"><a href=\"http:\/\/www.jarmacomputers.com\/wp-content\/uploads\/2022\/09\/LIMPIEZA-MAINBOARD.jpg\"><img loading=\"lazy\" decoding=\"async\" width=\"672\" height=\"898\" data-id=\"151\" src=\"http:\/\/www.jarmacomputers.com\/wp-content\/uploads\/2022\/09\/LIMPIEZA-MAINBOARD.jpg\" alt=\"\" class=\"wp-image-151\" srcset=\"http:\/\/www.jarmacomputers.com\/wp-content\/uploads\/2022\/09\/LIMPIEZA-MAINBOARD.jpg 672w, http:\/\/www.jarmacomputers.com\/wp-content\/uploads\/2022\/09\/LIMPIEZA-MAINBOARD-224x300.jpg 224w\" sizes=\"auto, (max-width: 672px) 100vw, 672px\" \/><\/a><figcaption class=\"wp-element-caption\">Mantenimiento Preventivo<\/figcaption><\/figure>\n\n\n\n<figure class=\"wp-block-image size-full\"><a href=\"http:\/\/www.jarmacomputers.com\/wp-content\/uploads\/2022\/09\/ERROR-DISCO-DURO.jpg\"><img loading=\"lazy\" decoding=\"async\" width=\"673\" height=\"896\" data-id=\"152\" src=\"http:\/\/www.jarmacomputers.com\/wp-content\/uploads\/2022\/09\/ERROR-DISCO-DURO.jpg\" alt=\"\" class=\"wp-image-152\" srcset=\"http:\/\/www.jarmacomputers.com\/wp-content\/uploads\/2022\/09\/ERROR-DISCO-DURO.jpg 673w, http:\/\/www.jarmacomputers.com\/wp-content\/uploads\/2022\/09\/ERROR-DISCO-DURO-225x300.jpg 225w\" sizes=\"auto, (max-width: 673px) 100vw, 673px\" \/><\/a><figcaption class=\"wp-element-caption\">Soluciones de Hardware<\/figcaption><\/figure>\n<\/figure>\n<\/div>\n<\/div>\n\n\n\n<div class=\"wp-block-columns are-vertically-aligned-center is-layout-flex wp-container-core-columns-is-layout-8f761849 wp-block-columns-is-layout-flex\">\n<div class=\"wp-block-column is-vertically-aligned-center is-layout-flow wp-block-column-is-layout-flow\" style=\"flex-basis:40%\">\n<figure class=\"wp-block-gallery has-nested-images columns-default is-cropped wp-block-gallery-4 is-layout-flex wp-block-gallery-is-layout-flex\">\n<figure class=\"wp-block-image size-full\"><a href=\"http:\/\/www.jarmacomputers.com\/wp-content\/uploads\/2022\/09\/VIRUS1-1.jpg\"><img loading=\"lazy\" decoding=\"async\" width=\"676\" height=\"898\" data-id=\"171\" src=\"http:\/\/www.jarmacomputers.com\/wp-content\/uploads\/2022\/09\/VIRUS1-1.jpg\" alt=\"\" class=\"wp-image-171\" srcset=\"http:\/\/www.jarmacomputers.com\/wp-content\/uploads\/2022\/09\/VIRUS1-1.jpg 676w, http:\/\/www.jarmacomputers.com\/wp-content\/uploads\/2022\/09\/VIRUS1-1-226x300.jpg 226w\" sizes=\"auto, (max-width: 676px) 100vw, 676px\" \/><\/a><figcaption class=\"wp-element-caption\">Virus Inform\u00e1ticos<\/figcaption><\/figure>\n\n\n\n<figure class=\"wp-block-image size-full\"><a href=\"http:\/\/www.jarmacomputers.com\/wp-content\/uploads\/2022\/09\/VIRUS2.jpg\"><img loading=\"lazy\" decoding=\"async\" width=\"674\" height=\"899\" data-id=\"172\" src=\"http:\/\/www.jarmacomputers.com\/wp-content\/uploads\/2022\/09\/VIRUS2.jpg\" alt=\"\" class=\"wp-image-172\" srcset=\"http:\/\/www.jarmacomputers.com\/wp-content\/uploads\/2022\/09\/VIRUS2.jpg 674w, http:\/\/www.jarmacomputers.com\/wp-content\/uploads\/2022\/09\/VIRUS2-225x300.jpg 225w\" sizes=\"auto, (max-width: 674px) 100vw, 674px\" \/><\/a><figcaption class=\"wp-element-caption\">Soluciones a los problemas de virus Inform\u00e1ticos<\/figcaption><\/figure>\n<\/figure>\n<\/div>\n<\/div>\n<\/div><\/div>\n<\/div>\n<\/div>\n\n\n\n<div class=\"wp-block-group\"><div class=\"wp-block-group__inner-container is-layout-flow wp-block-group-is-layout-flow\">\n<div class=\"wp-block-group alignwide\"><div class=\"wp-block-group__inner-container is-layout-flow wp-block-group-is-layout-flow\">\n<div class=\"wp-block-media-text alignwide is-stacked-on-mobile\" style=\"grid-template-columns:26% auto\"><figure class=\"wp-block-media-text__media\"><video controls src=\"http:\/\/www.jarmacomputers.com\/wp-content\/uploads\/2022\/09\/ACTUALIZANDO-BIOS.mp4\"><\/video><\/figure><div class=\"wp-block-media-text__content\">\n<p class=\"wp-block-paragraph\"><strong> Actualizaci\u00f3n de la BIOS<\/strong><\/p>\n\n\n\n<p class=\"wp-block-paragraph\"><strong>Actualizar la BIOS: <\/strong>La actualizaci\u00f3n de la&nbsp;<strong>BIOS<\/strong>&nbsp;o UEFI ayuda a que todo el sistema funcione mejor de forma conjunta mejorando el reconocimiento y ajuste del hardware que tienes instalado en la placa base. Aunque pasen inadvertidas para la mayor\u00eda, la BIOS o UEFI, como cualquier otro controlador o firmware del equipo,&nbsp;<strong>necesita ser actualizada para mantener una correcta gesti\u00f3n del rendimiento del hardware<\/strong>&nbsp;y mantener un comportamiento estable y seguro en tu PC o laptop.<\/p>\n<\/div><\/div>\n\n\n\n<p class=\"wp-block-paragraph\"><\/p>\n\n\n\n<div class=\"wp-block-media-text alignwide is-stacked-on-mobile\" style=\"grid-template-columns:26% auto\"><figure class=\"wp-block-media-text__media\"><video controls src=\"http:\/\/www.jarmacomputers.com\/wp-content\/uploads\/2022\/09\/COOLER.mp4\"><\/video><\/figure><div class=\"wp-block-media-text__content\">\n<p class=\"wp-block-paragraph\"><strong>Mantenimiento Preventivo al Cooler o ventilador interno<\/strong><\/p>\n\n\n\n<p class=\"wp-block-paragraph\">EL mantenimiento preventivo al cooler o ventilador interno es muy importante en el correcto funcionamiento del hardware del equipo de c\u00f3mputo, ya que por falta de mantenimiento el cooler no gira a la revoluciones correctas y el equipo comienza a recalentar como consecuencia hara que se renicie o se apague.<\/p>\n<\/div><\/div>\n\n\n\n<div class=\"wp-block-media-text alignwide is-stacked-on-mobile\" style=\"grid-template-columns:26% auto\"><figure class=\"wp-block-media-text__media\"><video controls src=\"http:\/\/www.jarmacomputers.com\/wp-content\/uploads\/2022\/09\/DRIVERS-WEB.mp4\"><\/video><\/figure><div class=\"wp-block-media-text__content\">\n<p class=\"wp-block-paragraph\">En<strong> JarmaComputers<\/strong> nos encargamos de que tu equipo de c\u00f3mputo<strong> llegue a tus manos de forma optimizada y los procesos del software se ejecuten de forma r\u00e1pida. <\/strong><\/p>\n\n\n\n<p class=\"wp-block-paragraph\"><strong>Mantenimiento preventivo y correctivo integral al hardware y al software, recomendaciones para repotenciar tu equipo de c\u00f3mputo como aumentar la memoria RAM e instalar un disco duro s\u00f3lido.<\/strong><\/p>\n<\/div><\/div>\n<\/div><\/div>\n<\/div><\/div>\n\n\n\n<div class=\"wp-block-group\"><div class=\"wp-block-group__inner-container is-layout-flow wp-block-group-is-layout-flow\"><\/div><\/div>","protected":false},"excerpt":{"rendered":"<p>Soluciones Inform\u00e1ticas Actualizaci\u00f3n de la BIOS Actualizar la BIOS: La actualizaci\u00f3n de la&nbsp;BIOS&nbsp;o UEFI ayuda a que todo el sistema funcione mejor de forma conjunta mejorando el reconocimiento y ajuste del hardware que tienes instalado en la placa base. Aunque pasen inadvertidas para la mayor\u00eda, la BIOS o UEFI, como cualquier otro controlador o firmware [&hellip;]<\/p>\n","protected":false},"author":2,"featured_media":0,"parent":0,"menu_order":0,"comment_status":"closed","ping_status":"closed","template":"","meta":{"_crdt_document":"","footnotes":""},"class_list":["post-115","page","type-page","status-publish","hentry"],"_links":{"self":[{"href":"http:\/\/www.jarmacomputers.com\/en\/wp-json\/wp\/v2\/pages\/115","targetHints":{"allow":["GET"]}}],"collection":[{"href":"http:\/\/www.jarmacomputers.com\/en\/wp-json\/wp\/v2\/pages"}],"about":[{"href":"http:\/\/www.jarmacomputers.com\/en\/wp-json\/wp\/v2\/types\/page"}],"author":[{"embeddable":true,"href":"http:\/\/www.jarmacomputers.com\/en\/wp-json\/wp\/v2\/users\/2"}],"replies":[{"embeddable":true,"href":"http:\/\/www.jarmacomputers.com\/en\/wp-json\/wp\/v2\/comments?post=115"}],"version-history":[{"count":25,"href":"http:\/\/www.jarmacomputers.com\/en\/wp-json\/wp\/v2\/pages\/115\/revisions"}],"predecessor-version":[{"id":282,"href":"http:\/\/www.jarmacomputers.com\/en\/wp-json\/wp\/v2\/pages\/115\/revisions\/282"}],"wp:attachment":[{"href":"http:\/\/www.jarmacomputers.com\/en\/wp-json\/wp\/v2\/media?parent=115"}],"curies":[{"name":"wp","href":"https:\/\/api.w.org\/{rel}","templated":true}]}}